{"id":78,"date":"2017-12-12T11:24:21","date_gmt":"2017-12-12T15:24:21","guid":{"rendered":"http:\/\/ayuntamiento.guineo\/transparencia\/?page_id=78"},"modified":"2021-04-09T15:34:45","modified_gmt":"2021-04-09T19:34:45","slug":"definicion-oaim-oficina-de-acceso-a-la-informacion-municipal","status":"publish","type":"page","link":"https:\/\/ayuntamientohatomayor.gob.do\/transparencia\/definicion-oaim-oficina-de-acceso-a-la-informacion-municipal\/","title":{"rendered":"Definici\u00f3n OAIM (Oficina de Acceso a la Informaci\u00f3n Municipal)"},"content":{"rendered":"<p><strong><span style=\"font-size: 14pt\">Definici\u00f3n OAI (Oficina de Acceso a la Informaci\u00f3n p\u00fablica)<\/span><\/strong><\/p>\n<p>La Oficina de Acceso a la Informaci\u00f3n (OAI), es un mandato de la Ley General de Libre Acceso a la Informaci\u00f3n P\u00fablica Ley 200-04 y el Decreto No. 130-05 que crea el reglamento de dicha ley, con el objetivo de apoyar a entidades y personas tanto p\u00fablicas como privadas mediante las informaciones solicitadas.<\/p>\n<blockquote><p><strong><span style=\"font-size: 14pt\">Definici\u00f3n del(la) RAI<\/span><\/strong><\/p><\/blockquote>\n<p>Es el(la) representante del Acceso a la Informaci\u00f3n, es el responsable de recibir las solicitudes, tramitar, facilitar y entregar las informaciones requeridas y de ser el canal de comunicaci\u00f3n entre la instituci\u00f3n y la ciudadan\u00eda. Tiene adem\u00e1s la tarea de publicar de manera permanente y actualizada, las informaciones en el portal web institucional de transparencia.<\/p>\n<blockquote><p><span style=\"font-size: 14pt\"><strong>Proceso de Solicitud de Informaci\u00f3n:<\/strong><\/span><\/p><\/blockquote>\n<ul>\n<li>Todo ciudadano tiene el derecho de solicitar informaci\u00f3n de car\u00e1cter p\u00fablico, visitando personalmente la Oficina de Acceso a la Informaci\u00f3n o visitando el Portal Web Institucional en la secci\u00f3n Transparencia.<\/li>\n<li>La RAI recibe la solicitud, revisa dicho documento con la finalidad de verificar que est\u00e1 debidamente redactada y que cumple con los requisitos legales.<\/li>\n<li>Completa el formulario de solicitud de informaci\u00f3n y registra los datos en un Libro de Registro.<\/li>\n<li>Se entrega de copia de formulario, al solicitante.<\/li>\n<li>La RAI solicita al Departamento que maneje dicha informaci\u00f3n, mediante otro formulario.<\/li>\n<li>La RAI dar\u00e1 seguimiento de la(s) solicitud(es) hasta confirmar que se ha suministrado o hasta la entrega de la informaci\u00f3n.<\/li>\n<\/ul>\n","protected":false},"excerpt":{"rendered":"Definici\u00f3n OAI (Oficina de Acceso a la Informaci\u00f3n p\u00fablica) La Oficina de Acceso a la Informaci\u00f3n (OAI), es un mandato de la Ley General de Libre Acceso a la Informaci\u00f3n P\u00fablica Ley 200-04 y el Decreto No. 130-05 que crea el reglamento de dicha ley, con el objetivo de apoyar a entidades y personas tanto&#8230;","protected":false},"author":4,"featured_media":0,"parent":0,"menu_order":0,"comment_status":"closed","ping_status":"closed","template":"","meta":{"footnotes":""},"class_list":["post-78","page","type-page","status-publish","hentry"],"acf":[],"_links":{"self":[{"href":"https:\/\/ayuntamientohatomayor.gob.do\/transparencia\/wp-json\/wp\/v2\/pages\/78","targetHints":{"allow":["GET"]}}],"collection":[{"href":"https:\/\/ayuntamientohatomayor.gob.do\/transparencia\/wp-json\/wp\/v2\/pages"}],"about":[{"href":"https:\/\/ayuntamientohatomayor.gob.do\/transparencia\/wp-json\/wp\/v2\/types\/page"}],"author":[{"embeddable":true,"href":"https:\/\/ayuntamientohatomayor.gob.do\/transparencia\/wp-json\/wp\/v2\/users\/4"}],"replies":[{"embeddable":true,"href":"https:\/\/ayuntamientohatomayor.gob.do\/transparencia\/wp-json\/wp\/v2\/comments?post=78"}],"version-history":[{"count":5,"href":"https:\/\/ayuntamientohatomayor.gob.do\/transparencia\/wp-json\/wp\/v2\/pages\/78\/revisions"}],"predecessor-version":[{"id":622,"href":"https:\/\/ayuntamientohatomayor.gob.do\/transparencia\/wp-json\/wp\/v2\/pages\/78\/revisions\/622"}],"wp:attachment":[{"href":"https:\/\/ayuntamientohatomayor.gob.do\/transparencia\/wp-json\/wp\/v2\/media?parent=78"}],"curies":[{"name":"wp","href":"https:\/\/api.w.org\/{rel}","templated":true}]}}