{"id":258,"date":"2018-01-22T10:17:40","date_gmt":"2018-01-22T14:17:40","guid":{"rendered":"http:\/\/alcaldiahatomayor.gob.do\/transparencia\/?page_id=258"},"modified":"2021-05-06T10:03:29","modified_gmt":"2021-05-06T14:03:29","slug":"responsable-de-acceso-a-la-informacion","status":"publish","type":"page","link":"https:\/\/ayuntamientohatomayor.gob.do\/transparencia\/responsable-de-acceso-a-la-informacion\/","title":{"rendered":"Responsable de Acceso a la Informaci\u00f3n"},"content":{"rendered":"<blockquote><p>CONTACTO RESPONSABLE DE ACCESO A LA INFORMACI\u00d3N<\/p>\n<table>\n<tbody>\n<tr>\n<td>Nombre: Iliana Desiree De los Santos Pacheco<\/td>\n<\/tr>\n<tr>\n<td>Tel\u00e9fono: 809-553-4022 Ext.210<\/td>\n<\/tr>\n<tr>\n<td>Responsable de la Oficina de Acceso a la Informaci\u00f3n P\u00fablica (RAI)<\/td>\n<\/tr>\n<tr>\n<td>Correo Informaci\u00f3n P\u00fablica:\u00a0<span id=\"cloak7d9239c1f94743e446fbfaa553529780\">info@alcaldiahatomayor.gob.do<\/span><\/td>\n<\/tr>\n<tr>\n<td>Correo Personal:\u00a0oaimhatomayor@gmail.com<\/td>\n<\/tr>\n<\/tbody>\n<\/table>\n<\/blockquote>\n","protected":false},"excerpt":{"rendered":"CONTACTO RESPONSABLE DE ACCESO A LA INFORMACI\u00d3N Nombre: Iliana Desiree De los Santos Pacheco Tel\u00e9fono: 809-553-4022 Ext.210 Responsable de la Oficina de Acceso a la Informaci\u00f3n P\u00fablica (RAI) Correo Informaci\u00f3n P\u00fablica:\u00a0info@alcaldiahatomayor.gob.do Correo Personal:\u00a0oaimhatomayor@gmail.com","protected":false},"author":4,"featured_media":0,"parent":0,"menu_order":0,"comment_status":"closed","ping_status":"closed","template":"","meta":{"footnotes":""},"class_list":["post-258","page","type-page","status-publish","hentry"],"acf":[],"_links":{"self":[{"href":"https:\/\/ayuntamientohatomayor.gob.do\/transparencia\/wp-json\/wp\/v2\/pages\/258","targetHints":{"allow":["GET"]}}],"collection":[{"href":"https:\/\/ayuntamientohatomayor.gob.do\/transparencia\/wp-json\/wp\/v2\/pages"}],"about":[{"href":"https:\/\/ayuntamientohatomayor.gob.do\/transparencia\/wp-json\/wp\/v2\/types\/page"}],"author":[{"embeddable":true,"href":"https:\/\/ayuntamientohatomayor.gob.do\/transparencia\/wp-json\/wp\/v2\/users\/4"}],"replies":[{"embeddable":true,"href":"https:\/\/ayuntamientohatomayor.gob.do\/transparencia\/wp-json\/wp\/v2\/comments?post=258"}],"version-history":[{"count":7,"href":"https:\/\/ayuntamientohatomayor.gob.do\/transparencia\/wp-json\/wp\/v2\/pages\/258\/revisions"}],"predecessor-version":[{"id":1255,"href":"https:\/\/ayuntamientohatomayor.gob.do\/transparencia\/wp-json\/wp\/v2\/pages\/258\/revisions\/1255"}],"wp:attachment":[{"href":"https:\/\/ayuntamientohatomayor.gob.do\/transparencia\/wp-json\/wp\/v2\/media?parent=258"}],"curies":[{"name":"wp","href":"https:\/\/api.w.org\/{rel}","templated":true}]}}